{"id":53,"date":"2019-06-07T17:43:44","date_gmt":"2019-06-07T17:43:44","guid":{"rendered":"https:\/\/www.aplih.com\/?page_id=53"},"modified":"2019-07-23T16:45:59","modified_gmt":"2019-07-23T16:45:59","slug":"contact","status":"publish","type":"page","link":"https:\/\/www.aplih.com\/en\/contact","title":{"rendered":"Contact"},"content":{"rendered":"<section class=\"tcvpb_section_tc tcvpb-inversed_text tcvpb-parallax pattern_overlayed\" data-background_image=\"https:\/\/www.aplih.com\/en\/wp-content\/uploads\/2019\/07\/reclutamiento-personal-especializado-jerarquias.jpg\" data-parallax=\"0.2\" style=\"background-image:url(https:\/\/www.aplih.com\/en\/wp-content\/uploads\/2019\/07\/reclutamiento-personal-especializado-jerarquias.jpg);background-repeat:no-repeat;background-size:cover;background-position:center bottom;\">\n\t\t\n\t\t<div class=\"tcvpb_section_content\"><div class=\"tcvpb_container\"><div class=\"tcvpb_column_tc_span12\"><span class=\"clear\" style=\"height:100px;display:block;\"><\/span><h1   class=\"titlestyle\"><span>\n<p class=\"p_tc\">Contact us right away<\/p>\n<\/span><\/h1><span class=\"clear\" style=\"height:280px;display:block;\"><\/span><\/div><\/div><\/div>\n\t\t\n\t\t\n\t<\/section><section class=\"tcvpb_section_tc tcvpb-centered\">\n\t\t\n\t\t<div class=\"tcvpb_section_content\"><div class=\"tcvpb_container\"><div class=\"tcvpb_column_tc_span3\">\n\t\t<div  class=\"tcvpb_service_box tcvpb_service_box_round \">\n\t\t\t<div class=\"tcvpb_service_box_header\"><a href=\"#\" target=\"_self\" class=\"tcvpb_icon_boxed\"><i class=\"icomoon-phone\" style=color:#ffffff;><\/i><\/a><a href=\"#\" target=\"_self\"><h3>Office<\/h3><\/a><\/div>\n\t\t\t<p>\n<p class=\"p_tc\" style=\"text-align: center;\"><span style=\"font-size: 12pt;\"><a href=\"tel:8444855300\">+52-844 485 5300<\/a><\/span><\/p>\n<p class=\"p_tc\" style=\"text-align: center;\"><span style=\"font-size: 12pt;\"><a href=\"tel:8444855301\">+52-844 485 5301<\/a><\/span><\/p>\n<\/p>\n\t\t<\/div><\/div><div class=\"tcvpb_column_tc_span3\">\n\t\t<div  class=\"tcvpb_service_box tcvpb_service_box_round \">\n\t\t\t<div class=\"tcvpb_service_box_header\"><a href=\"#\" target=\"_self\" class=\"tcvpb_icon_boxed\"><i class=\"md-cellphone-android\" style=color:#ffffff;><\/i><\/a><a href=\"#\" target=\"_self\"><h3>Cellphone<\/h3><\/a><\/div>\n\t\t\t<p>\n<p class=\"p_tc\" style=\"text-align: center;\"><span style=\"font-size: 12pt;\"><a href=\"tel:018441400202\">01 (844) 140 0202<\/a><\/span><\/p>\n<\/p>\n\t\t<\/div><\/div><div class=\"tcvpb_column_tc_span3\">\n\t\t<div  class=\"tcvpb_service_box tcvpb_service_box_round \">\n\t\t\t<div class=\"tcvpb_service_box_header\"><a href=\"#\" target=\"_self\" class=\"tcvpb_icon_boxed\"><i class=\"whhg-emailimport\" style=color:#ffffff;><\/i><\/a><a href=\"#\" target=\"_self\"><h3>e-Mails<\/h3><\/a><\/div>\n\t\t\t<p>\n<p class=\"p_tc\" style=\"text-align: center;\"><span style=\"font-size: 12pt;\"><a href=\"mailto:ialdaco@aplih.com\">ialdaco@aplih.com<\/a><\/span><\/p>\n<p class=\"p_tc\" style=\"text-align: center;\"><span style=\"font-size: 12pt;\"><a href=\"mailto:aplihreclutamiento@gmail.com\">aplihreclutamiento@gmail.com<\/a><\/span><\/p>\n<\/p>\n\t\t<\/div><\/div><div class=\"tcvpb_column_tc_span3\">\n\t\t<div  class=\"tcvpb_service_box tcvpb_service_box_round \">\n\t\t\t<div class=\"tcvpb_service_box_header\"><a href=\"#\" target=\"_self\" class=\"tcvpb_icon_boxed\"><i class=\"gm-place\" style=color:#ffffff;><\/i><\/a><a href=\"#\" target=\"_self\"><h3>Location<\/h3><\/a><\/div>\n\t\t\t<p>\n<p class=\"p_tc\" style=\"text-align: center;\"><a href=\"#\"><span style=\"font-size: 12pt;\">Dr. Jos\u00e9 Ma. Rodr\u00edguez #119-5 Altos, Col. Doctores, C.P. 25250, Saltillo Coahuila M\u00e9xico<\/span><\/a><\/p>\n<\/p>\n\t\t<\/div><\/div><\/div><\/div>\n\t\t\n\t\t\n\t<\/section><section class=\"tcvpb_section_tc\">\n\t\t\n\t\t<div class=\"tcvpb_section_content\"><div class=\"tcvpb_container\"><div class=\"tcvpb_column_tc_span12\"><h3  ><span>\n<p class=\"p_tc\" style=\"text-align: center;\">\u00bfGet in touch with us?<\/p>\n<\/span><\/h3>\n<div class=\"wpcf7 no-js\" id=\"wpcf7-f769-o1\" lang=\"es-ES\" dir=\"ltr\" data-wpcf7-id=\"769\">\n<div class=\"screen-reader-response\"><p role=\"status\" aria-live=\"polite\" aria-atomic=\"true\"><\/p> <ul><\/ul><\/div>\n<form action=\"\/en\/wp-json\/wp\/v2\/pages\/53#wpcf7-f769-o1\" method=\"post\" class=\"wpcf7-form init\" aria-label=\"Contact form\" novalidate=\"novalidate\" data-status=\"init\">\n<fieldset class=\"hidden-fields-container\"><input type=\"hidden\" name=\"_wpcf7\" value=\"769\" \/><input type=\"hidden\" name=\"_wpcf7_version\" value=\"6.1.5\" \/><input type=\"hidden\" name=\"_wpcf7_locale\" value=\"es_ES\" \/><input type=\"hidden\" name=\"_wpcf7_unit_tag\" value=\"wpcf7-f769-o1\" \/><input type=\"hidden\" name=\"_wpcf7_container_post\" value=\"0\" \/><input type=\"hidden\" name=\"_wpcf7_posted_data_hash\" value=\"\" \/><input type=\"hidden\" name=\"_wpcf7_recaptcha_response\" value=\"\" \/>\n<\/fieldset>\n<div id=\"normal\" class=\"clearfix\">\n\t<div class=\"renglon-n\">\n\t\t<div class=\"column-half-n\">\n\t\t\t<p>Name\n\t\t\t\t<font color=\"#D81518\">*\n\t\t\t\t<\/font><br \/>\n<span class=\"wpcf7-form-control-wrap\" data-name=\"nombre\"><input size=\"40\" maxlength=\"400\" class=\"wpcf7-form-control wpcf7-text wpcf7-validates-as-required\" aria-required=\"true\" aria-invalid=\"false\" value=\"\" type=\"text\" name=\"nombre\" \/><\/span>\n\t\t\t<\/p>\n\t\t<\/div>\n\t\t<div class=\"column-half-n\">\n\t\t\t<p>Adress<br \/>\n<span class=\"wpcf7-form-control-wrap\" data-name=\"direccion\"><input size=\"40\" maxlength=\"400\" class=\"wpcf7-form-control wpcf7-text\" aria-invalid=\"false\" value=\"\" type=\"text\" name=\"direccion\" \/><\/span>\n\t\t\t<\/p>\n\t\t<\/div>\n\t<\/div>\n\t<div class=\"renglon-n\">\n\t\t<div class=\"column-half-n\">\n\t\t\t<p>City\/State<br \/>\n<span class=\"wpcf7-form-control-wrap\" data-name=\"estado\"><input size=\"40\" maxlength=\"400\" class=\"wpcf7-form-control wpcf7-text\" aria-invalid=\"false\" value=\"\" type=\"text\" name=\"estado\" \/><\/span>\n\t\t\t<\/p>\n\t\t<\/div>\n\t\t<div class=\"column-half-n\">\n\t\t\t<p>e-Mail\n\t\t\t\t<font color=\"#D81518\">*\n\t\t\t\t<\/font><br \/>\n<span class=\"wpcf7-form-control-wrap\" data-name=\"email\"><input size=\"40\" maxlength=\"400\" class=\"wpcf7-form-control wpcf7-email wpcf7-validates-as-required wpcf7-text wpcf7-validates-as-email\" aria-required=\"true\" aria-invalid=\"false\" value=\"\" type=\"email\" name=\"email\" \/><\/span>\n\t\t\t<\/p>\n\t\t<\/div>\n\t<\/div>\n\t<div class=\"renglon-n\">\n\t\t<div class=\"column-half-n\">\n\t\t\t<p>Code\n\t\t\t\t<font color=\"#D81518\">*\n\t\t\t\t<\/font><br \/>\n<span class=\"wpcf7-form-control-wrap\" data-name=\"lada\"><input size=\"40\" maxlength=\"400\" class=\"wpcf7-form-control wpcf7-tel wpcf7-validates-as-required wpcf7-text wpcf7-validates-as-tel campotel\" aria-required=\"true\" aria-invalid=\"false\" value=\"\" type=\"tel\" name=\"lada\" \/><\/span>\n\t\t\t<\/p>\n\t\t<\/div>\n\t\t<div class=\"column-half-n\">\n\t\t\t<p>Phone\n\t\t\t\t<font color=\"#D81518\">*\n\t\t\t\t<\/font><br \/>\n<span class=\"wpcf7-form-control-wrap\" data-name=\"tel\"><input size=\"40\" maxlength=\"400\" class=\"wpcf7-form-control wpcf7-tel wpcf7-validates-as-required wpcf7-text wpcf7-validates-as-tel campotel\" aria-required=\"true\" aria-invalid=\"false\" value=\"\" type=\"tel\" name=\"tel\" \/><\/span>\n\t\t\t<\/p>\n\t\t<\/div>\n\t<\/div>\n\t<div class=\"renglon-n\">\n\t\t<div class=\"column-full-n\">\n\t\t\t<p>Message\n\t\t\t\t<font color=\"#D81518\">*\n\t\t\t\t<\/font><br \/>\n<span class=\"wpcf7-form-control-wrap\" data-name=\"mensaje\"><textarea cols=\"85\" rows=\"10\" maxlength=\"2000\" class=\"wpcf7-form-control wpcf7-textarea wpcf7-validates-as-required\" aria-required=\"true\" aria-invalid=\"false\" name=\"mensaje\"><\/textarea><\/span>\n\t\t\t<\/p>\n\t\t<\/div>\n\t<\/div>\n\t<div class=\"renglon-n\">\n\t\t<div class=\"column-full-n\">\n\t\t\t<div class=\"atencion-n\">\n\t\t\t\t<center>\n The fields with the\n\t\t\t\t\t<font color=\"#D81518\">*\n\t\t\t\t\t<\/font> are required.\n\t\t\t\t<\/center>\n\t\t\t<\/div>\n\t\t<\/div>\n\t\t<div class=\"renglon-n\">\n\t\t\t<div class=\"column-full-n\">\n\t\t\t\t<center>\n\t\t\t\t\t<p><input class=\"wpcf7-form-control wpcf7-submit has-spinner\" type=\"submit\" value=\"Submit\" \/>\n\t\t\t\t\t<\/p>\n\t\t\t\t<\/center>\n\t\t\t<\/div>\n\t\t\t<div class=\"column-full-n\">\n\t\t\t\t<center>\n\t\t\t\t\t<p><small>This site is protected by reCAPTCHA <a href=\"https:\/\/policies.google.com\/privacy\">Google's privacy policy<\/a> and <a href=\"https:\/\/policies.google.com\/terms\">and terms of service apply.<\/a><\/small>\n\t\t\t\t\t<\/p>\n\t\t\t\t<\/center>\n\t\t\t<\/div>\n\t\t<\/div>\n\t<\/div>\n<\/div><div class=\"wpcf7-response-output\" aria-hidden=\"true\"><\/div>\n<\/form>\n<\/div>\n<\/div><\/div><\/div>\n\t\t\n\t\t\n\t<\/section><section class=\"tcvpb_section_tc section_body_fullwidth\">\n\t\t\n\t\t<div class=\"tcvpb_section_content\"><div class=\"tcvpb_container\"><div class=\"tcvpb_column_tc_span12\"><div  class=\"\" >\n<p class=\"p_tc\"><iframe loading=\"lazy\" src=\"https:\/\/www.google.com\/maps\/d\/embed?mid=1lH9btX83uc-M2JYtryFGGjpgoVQcmrw5\" width=\"100%\" height=\"580\"><\/iframe><\/p>\n<\/div><\/div><\/div><\/div>\n\t\t\n\t\t\n\t<\/section>\n","protected":false},"excerpt":{"rendered":"","protected":false},"author":1,"featured_media":0,"parent":0,"menu_order":0,"comment_status":"closed","ping_status":"closed","template":"page-no-container.php","meta":{"ngg_post_thumbnail":0,"footnotes":""},"class_list":["post-53","page","type-page","status-publish","hentry"],"aioseo_notices":[],"_links":{"self":[{"href":"https:\/\/www.aplih.com\/en\/wp-json\/wp\/v2\/pages\/53","targetHints":{"allow":["GET"]}}],"collection":[{"href":"https:\/\/www.aplih.com\/en\/wp-json\/wp\/v2\/pages"}],"about":[{"href":"https:\/\/www.aplih.com\/en\/wp-json\/wp\/v2\/types\/page"}],"author":[{"embeddable":true,"href":"https:\/\/www.aplih.com\/en\/wp-json\/wp\/v2\/users\/1"}],"replies":[{"embeddable":true,"href":"https:\/\/www.aplih.com\/en\/wp-json\/wp\/v2\/comments?post=53"}],"version-history":[{"count":5,"href":"https:\/\/www.aplih.com\/en\/wp-json\/wp\/v2\/pages\/53\/revisions"}],"predecessor-version":[{"id":855,"href":"https:\/\/www.aplih.com\/en\/wp-json\/wp\/v2\/pages\/53\/revisions\/855"}],"wp:attachment":[{"href":"https:\/\/www.aplih.com\/en\/wp-json\/wp\/v2\/media?parent=53"}],"curies":[{"name":"wp","href":"https:\/\/api.w.org\/{rel}","templated":true}]}}